{"id":1601,"date":"2024-02-28T21:19:06","date_gmt":"2024-02-28T21:19:06","guid":{"rendered":"https:\/\/mireiaroldangarcia.es\/?page_id=1601"},"modified":"2025-02-15T18:08:24","modified_gmt":"2025-02-15T18:08:24","slug":"servicios","status":"publish","type":"page","link":"https:\/\/mireiaroldangarcia.es\/cat\/servicios\/","title":{"rendered":"SERVICIOS"},"content":{"rendered":"<div class=\"wp-block-uagb-container uagb-block-qjqmkj32 alignwide uagb-is-root-container\">\n<div class=\"wp-block-uagb-info-box uagb-block-g0j1x7m3 uagb-infobox__content-wrap  uagb-infobox-icon-above-title uagb-infobox-image-valign-top\"><div class=\"uagb-ifb-content\"><div class=\"uagb-ifb-title-wrap\"><h6 class=\"uagb-ifb-title-prefix\">SERVICIOS<\/h6><h1 class=\"uagb-ifb-title\">Soluciones digitales integrales para<br>potenciar tu presencia online.<\/h1><\/div><p class=\"uagb-ifb-desc\">\u00a1Descubre c\u00f3mo puedo ayudarte a potenciar la parte digital de tu marca! <br>Desde dise\u00f1o web y gesti\u00f3n de redes sociales hasta fotograf\u00eda y maquetaci\u00f3n editorial, <br>ofrezco soluciones integrales y creativas para impulsar tu marca en el mundo digital.<\/p><\/div><\/div>\n\n\n\n<div data-aos= \"fade\" data-aos-duration=\"400\" data-aos-delay=\"0\" data-aos-easing=\"ease\" data-aos-once=\"true\" class=\"wp-block-uagb-buttons uagb-buttons__outer-wrap uagb-btn__default-btn uagb-btn-tablet__default-btn uagb-btn-mobile__default-btn uagb-block-7bb2cf6d\"><div class=\"uagb-buttons__wrap uagb-buttons-layout-wrap\">\n<div data-aos= \"fade-right\" data-aos-duration=\"400\" data-aos-delay=\"0\" data-aos-easing=\"ease\" data-aos-once=\"true\" class=\"wp-block-uagb-buttons-child uagb-buttons__outer-wrap uagb-block-aef1d582 wp-block-button\"><div class=\"uagb-button__wrapper\"><a class=\"uagb-buttons-repeater wp-block-button__link\" aria-label=\"\" href=\"#web\" rel=\"follow noopener\" target=\"_self\" role=\"button\"><div class=\"uagb-button__link\">Dise\u00f1o y desarrollo web <\/div><\/a><\/div><\/div>\n\n\n\n<div data-aos= \"fade-right\" data-aos-duration=\"400\" data-aos-delay=\"0\" data-aos-easing=\"ease\" data-aos-once=\"true\" class=\"wp-block-uagb-buttons-child uagb-buttons__outer-wrap uagb-block-f64dcc24 wp-block-button\"><div class=\"uagb-button__wrapper\"><a class=\"uagb-buttons-repeater wp-block-button__link\" aria-label=\"\" href=\"#rrss\" rel=\"follow noopener\" target=\"_self\" role=\"button\"><div class=\"uagb-button__link\">GESTI\u00d3N DE RRSS<\/div><\/a><\/div><\/div>\n\n\n\n<div data-aos= \"fade-right\" data-aos-duration=\"400\" data-aos-delay=\"0\" data-aos-easing=\"ease\" data-aos-once=\"true\" class=\"wp-block-uagb-buttons-child uagb-buttons__outer-wrap uagb-block-c559e4e0 wp-block-button\"><div class=\"uagb-button__wrapper\"><a class=\"uagb-buttons-repeater wp-block-button__link\" aria-label=\"\" href=\"#fotografia\" rel=\"follow noopener\" target=\"_self\" role=\"button\"><div class=\"uagb-button__link\">FOTOGRAF\u00cdA<\/div><\/a><\/div><\/div>\n\n\n\n<div data-aos= \"fade-right\" data-aos-duration=\"400\" data-aos-delay=\"0\" data-aos-easing=\"ease\" data-aos-once=\"true\" class=\"wp-block-uagb-buttons-child uagb-buttons__outer-wrap uagb-block-b68407ad wp-block-button\"><div class=\"uagb-button__wrapper\"><a class=\"uagb-buttons-repeater wp-block-button__link\" aria-label=\"\" href=\"#maquetacion\" rel=\"follow noopener\" target=\"_self\" role=\"button\"><div class=\"uagb-button__link\">MAQUETACI\u00d3N EDITORIAL<\/div><\/a><\/div><\/div>\n<\/div><\/div>\n\n\n      \n\t\t\t<div data-aos= \"fade\" data-aos-duration=\"400\" data-aos-delay=\"0\" data-aos-easing=\"ease\" data-aos-once=\"true\" class=\"uagb-icon-wrapper uagb-block-45992ddc\"\n\t\t\tstyle=\"\" >\n\t\t\t\t\t\t\t\t\t<span class=\"uagb-svg-wrapper\" \n\t\t\t\t\t aria-label=\"circle-chevron-down\"\t\t\t\t\ttabindex=\"0\">\t\t\n\t\t\t\t\t\t\t\t\t\t<a rel=\"noopener noreferrer\" href=\"https:\/\/mireiaroldangarcia.es\/cat\/servicios\/#mireiarg\" target=\"_self\"><svg xmlns=\"https:\/\/www.w3.org\/2000\/svg\" viewbox= \"0 0 512 512\" role=\"graphics-symbol\" aria-hidden=\"false\" aria-label=\"\"><path d=\"M256 0C114.6 0 0 114.6 0 256c0 141.4 114.6 256 256 256s256-114.6 256-256C512 114.6 397.4 0 256 0zM390.6 246.6l-112 112C272.4 364.9 264.2 368 256 368s-16.38-3.125-22.62-9.375l-112-112c-12.5-12.5-12.5-32.75 0-45.25s32.75-12.5 45.25 0L256 290.8l89.38-89.38c12.5-12.5 32.75-12.5 45.25 0S403.1 234.1 390.6 246.6z\"><\/path><\/svg><\/a>\n\t\t\t\t\t\t\t\t\t<\/span>\n\t\t\t\t\t\t\t<\/div>\n\t\t\t<\/div>\n\n\n\n<div id=\"mireiarg\" class=\"wp-block-uagb-container uagb-block-g7ea9doa alignfull uagb-is-root-container\"><\/div>\n\n\n\n<div id=\"mireiarg\" class=\"wp-block-uagb-container uagb-block-j4581yud alignfull uagb-is-root-container\"><div class=\"uagb-container-inner-blocks-wrap\">\n<div id=\"web\" class=\"wp-block-uagb-container uagb-block-jsawwbjt\">\n<div class=\"wp-block-uagb-container uagb-block-mkvlhy2o\">\n<div class=\"wp-block-uagb-info-box uagb-block-z1oszszp uagb-infobox__content-wrap  uagb-infobox-icon-above-title uagb-infobox-image-valign-top\"><div class=\"uagb-ifb-content\"><div class=\"uagb-ifb-title-wrap\"><p class=\"uagb-ifb-title-prefix\">01<\/p><\/div><\/div><\/div>\n<\/div>\n\n\n\n<div class=\"wp-block-uagb-container uagb-block-kj1yfqo2\">\n<div class=\"wp-block-uagb-info-box uagb-block-9mud3vqp uagb-infobox__content-wrap  uagb-infobox-icon-above-title uagb-infobox-image-valign-top\"><div class=\"uagb-ifb-content\"><div class=\"uagb-ifb-title-wrap\"><h4 class=\"uagb-ifb-title\">Dise\u00f1o y desarrollo web <\/h4><\/div><\/div><\/div>\n\n\n      \n\t\t\t<div class=\"uagb-icon-wrapper uagb-block-b58ef79f\"\n\t\t\tstyle=\"\" >\n\t\t\t\t\t\t\t\t\t<span class=\"uagb-svg-wrapper\" \n\t\t\t\t\t aria-label=\"circle-chevron-right\"\t\t\t\t\ttabindex=\"0\">\t\t\n\t\t\t\t\t\t\t\t\t\t<a rel=\"noopener noreferrer\" href=\"https:\/\/mireiaroldangarcia.es\/cat\/servicios\/diseno-desarrollo-web\/\" target=\"_self\"><svg xmlns=\"https:\/\/www.w3.org\/2000\/svg\" viewbox= \"0 0 512 512\" role=\"graphics-symbol\" aria-hidden=\"false\" aria-label=\"\"><path d=\"M256 0C114.6 0 0 114.6 0 256c0 141.4 114.6 256 256 256s256-114.6 256-256C512 114.6 397.4 0 256 0zM358.6 278.6l-112 112c-12.5 12.5-32.75 12.5-45.25 0s-12.5-32.75 0-45.25L290.8 256L201.4 166.6c-12.5-12.5-12.5-32.75 0-45.25s32.75-12.5 45.25 0l112 112C364.9 239.6 368 247.8 368 256S364.9 272.4 358.6 278.6z\"><\/path><\/svg><\/a>\n\t\t\t\t\t\t\t\t\t<\/span>\n\t\t\t\t\t\t\t<\/div>\n\t\t\t<\/div>\n\n\n\n<div class=\"wp-block-uagb-container uagb-block-qxdhsbbl\">\n<div class=\"wp-block-uagb-info-box uagb-block-6tqdft5o uagb-infobox__content-wrap  uagb-infobox-icon-above-title uagb-infobox-image-valign-top\"><div class=\"uagb-ifb-content\"><div class=\"uagb-ifb-title-wrap\"><p class=\"uagb-ifb-title\">Me especializo en crear <strong>sitios web a medida<\/strong> que reflejen la esencia y la identidad de tu marca. Desde p\u00e1ginas web corporativas hasta tiendas online, trabajo mano a mano contigo para entender tus necesidades y objetivos, y luego traducir esa visi\u00f3n en una experiencia digital excepcional. <br><br>Utilizo las \u00faltimas tendencias y t\u00e9cnicas de dise\u00f1o para garantizar que tu sitio no solo sea <strong>visualmente atractivo<\/strong>, sino tambi\u00e9n <strong>funcional <\/strong>y f\u00e1cil de navegar para tus usuarios.<\/p><\/div><\/div><\/div>\n<\/div>\n<\/div>\n\n\n\n<div class=\"wp-block-uagb-container uagb-block-0yaptzbn\">\n<div class=\"wp-block-uagb-container uagb-block-ir0zeljc\">\n<div class=\"wp-block-uagb-info-box uagb-block-akbrudhu uagb-infobox__content-wrap  uagb-infobox-icon-above-title uagb-infobox-image-valign-top\"><div class=\"uagb-ifb-content\"><div class=\"uagb-ifb-title-wrap\"><p class=\"uagb-ifb-title-prefix\">02<\/p><\/div><\/div><\/div>\n<\/div>\n\n\n\n<div class=\"wp-block-uagb-container uagb-block-jdcvfgbi\">\n<div class=\"wp-block-uagb-info-box uagb-block-ujfbwie5 uagb-infobox__content-wrap  uagb-infobox-icon-above-title uagb-infobox-image-valign-top\" id=\"rrss\"><div class=\"uagb-ifb-content\"><div class=\"uagb-ifb-title-wrap\"><h4 class=\"uagb-ifb-title\">Gesti\u00f3n de RRSS<\/h4><\/div><\/div><\/div>\n\n\n      \n\t\t\t<div class=\"uagb-icon-wrapper uagb-block-2760853d\"\n\t\t\tstyle=\"\" >\n\t\t\t\t\t\t\t\t\t<span class=\"uagb-svg-wrapper\" \n\t\t\t\t\t aria-label=\"circle-chevron-right\"\t\t\t\t\ttabindex=\"0\">\t\t\n\t\t\t\t\t\t\t\t\t\t<a rel=\"noopener noreferrer\" href=\"https:\/\/mireiaroldangarcia.es\/cat\/servicios\/gestion-redes-sociales\/\" target=\"_self\"><svg xmlns=\"https:\/\/www.w3.org\/2000\/svg\" viewbox= \"0 0 512 512\" role=\"graphics-symbol\" aria-hidden=\"false\" aria-label=\"\"><path d=\"M256 0C114.6 0 0 114.6 0 256c0 141.4 114.6 256 256 256s256-114.6 256-256C512 114.6 397.4 0 256 0zM358.6 278.6l-112 112c-12.5 12.5-32.75 12.5-45.25 0s-12.5-32.75 0-45.25L290.8 256L201.4 166.6c-12.5-12.5-12.5-32.75 0-45.25s32.75-12.5 45.25 0l112 112C364.9 239.6 368 247.8 368 256S364.9 272.4 358.6 278.6z\"><\/path><\/svg><\/a>\n\t\t\t\t\t\t\t\t\t<\/span>\n\t\t\t\t\t\t\t<\/div>\n\t\t\t<\/div>\n\n\n\n<div class=\"wp-block-uagb-container uagb-block-9kr3ksto\">\n<div class=\"wp-block-uagb-info-box uagb-block-drjya2xo uagb-infobox__content-wrap  uagb-infobox-icon-above-title uagb-infobox-image-valign-top\"><div class=\"uagb-ifb-content\"><div class=\"uagb-ifb-title-wrap\"><p class=\"uagb-ifb-title\">La gesti\u00f3n estrat\u00e9gica de<strong> redes sociales<\/strong> es fundamental para construir y mantener una presencia s\u00f3lida online. Desde la <strong>creaci\u00f3n de contenido<\/strong> atractivo hasta la <strong>interacci\u00f3n<\/strong> con tu audiencia, me encargo de todas las actividades necesarias para hacer crecer tu comunidad y aumentar la visibilidad de tu marca en plataformas como Instagram, Tik Tok y LinkedIn. <br><br>Mi objetivo es generar compromiso y aumentar la lealtad de la audiencia, mientras trabajamos juntos para alcanzar tus metas en redes sociales.<\/p><\/div><\/div><\/div>\n<\/div>\n<\/div>\n\n\n\n<div class=\"wp-block-uagb-container uagb-block-aaoi5onu\">\n<div class=\"wp-block-uagb-container uagb-block-c9vuzkmg\">\n<div class=\"wp-block-uagb-info-box uagb-block-5keblidy uagb-infobox__content-wrap  uagb-infobox-icon-above-title uagb-infobox-image-valign-top\"><div class=\"uagb-ifb-content\"><div class=\"uagb-ifb-title-wrap\"><p class=\"uagb-ifb-title-prefix\">03<\/p><\/div><\/div><\/div>\n<\/div>\n\n\n\n<div id=\"fotografia\" class=\"wp-block-uagb-container uagb-block-2jxru4fu\">\n<div class=\"wp-block-uagb-info-box uagb-block-qwpy82eg uagb-infobox__content-wrap  uagb-infobox-icon-above-title uagb-infobox-image-valign-top\"><div class=\"uagb-ifb-content\"><div class=\"uagb-ifb-title-wrap\"><h4 class=\"uagb-ifb-title\">Fotografia<\/h4><\/div><\/div><\/div>\n\n\n      \n\t\t\t<div class=\"uagb-icon-wrapper uagb-block-c35af886\"\n\t\t\tstyle=\"\" >\n\t\t\t\t\t\t\t\t\t<span class=\"uagb-svg-wrapper\" \n\t\t\t\t\t aria-label=\"circle-chevron-right\"\t\t\t\t\ttabindex=\"0\">\t\t\n\t\t\t\t\t\t\t\t\t\t<a rel=\"noopener noreferrer\" href=\"https:\/\/mireiaroldangarcia.es\/cat\/servicios\/fotografia-profesional\/\" target=\"_self\"><svg xmlns=\"https:\/\/www.w3.org\/2000\/svg\" viewbox= \"0 0 512 512\" role=\"graphics-symbol\" aria-hidden=\"false\" aria-label=\"\"><path d=\"M256 0C114.6 0 0 114.6 0 256c0 141.4 114.6 256 256 256s256-114.6 256-256C512 114.6 397.4 0 256 0zM358.6 278.6l-112 112c-12.5 12.5-32.75 12.5-45.25 0s-12.5-32.75 0-45.25L290.8 256L201.4 166.6c-12.5-12.5-12.5-32.75 0-45.25s32.75-12.5 45.25 0l112 112C364.9 239.6 368 247.8 368 256S364.9 272.4 358.6 278.6z\"><\/path><\/svg><\/a>\n\t\t\t\t\t\t\t\t\t<\/span>\n\t\t\t\t\t\t\t<\/div>\n\t\t\t<\/div>\n\n\n\n<div class=\"wp-block-uagb-container uagb-block-gvrxxczh\">\n<div class=\"wp-block-uagb-info-box uagb-block-jev5svzf uagb-infobox__content-wrap  uagb-infobox-icon-above-title uagb-infobox-image-valign-top\"><div class=\"uagb-ifb-content\"><div class=\"uagb-ifb-title-wrap\"><p class=\"uagb-ifb-title\">La fotograf\u00eda es una herramienta poderosa para contar historias y crear conexiones emocionales con tu audiencia. Ya sea que necesites <strong>fotograf\u00eda de producto<\/strong> para tu e-commerce, <strong>im\u00e1genes corporativas<\/strong> que reflejen la esencia de tu marca o cobertura fotogr\u00e1fica de eventos especiales, estoy aqu\u00ed para capturar momentos memorables con calidad excepcional y estilo \u00fanico. <br><br>Cada imagen est\u00e1 cuidadosamente compuesta para transmitir tu mensaje y destacar la belleza de tu marca.<\/p><\/div><\/div><\/div>\n<\/div>\n<\/div>\n\n\n\n<div class=\"wp-block-uagb-container uagb-block-dtzo9id0\">\n<div class=\"wp-block-uagb-container uagb-block-iqrgm9ff\">\n<div class=\"wp-block-uagb-info-box uagb-block-d9b1hxyi uagb-infobox__content-wrap  uagb-infobox-icon-above-title uagb-infobox-image-valign-top\"><div class=\"uagb-ifb-content\"><div class=\"uagb-ifb-title-wrap\"><p class=\"uagb-ifb-title-prefix\">04<\/p><\/div><\/div><\/div>\n<\/div>\n\n\n\n<div id=\"maquetacion\" class=\"wp-block-uagb-container uagb-block-vshgt01l\">\n<div class=\"wp-block-uagb-info-box uagb-block-njja9jdl uagb-infobox__content-wrap  uagb-infobox-icon-above-title uagb-infobox-image-valign-top\"><div class=\"uagb-ifb-content\"><div class=\"uagb-ifb-title-wrap\"><h4 class=\"uagb-ifb-title\">Maquetaci\u00f3n Editorial<\/h4><\/div><\/div><\/div>\n\n\n      \n\t\t\t<div class=\"uagb-icon-wrapper uagb-block-193d4035\"\n\t\t\tstyle=\"\" >\n\t\t\t\t\t\t\t\t\t<span class=\"uagb-svg-wrapper\" \n\t\t\t\t\t aria-label=\"circle-chevron-right\"\t\t\t\t\ttabindex=\"0\">\t\t\n\t\t\t\t\t\t\t\t\t\t<a rel=\"noopener noreferrer\" href=\"https:\/\/mireiaroldangarcia.es\/cat\/servicios\/maquetacion-editorial\/\" target=\"_self\"><svg xmlns=\"https:\/\/www.w3.org\/2000\/svg\" viewbox= \"0 0 512 512\" role=\"graphics-symbol\" aria-hidden=\"false\" aria-label=\"\"><path d=\"M256 0C114.6 0 0 114.6 0 256c0 141.4 114.6 256 256 256s256-114.6 256-256C512 114.6 397.4 0 256 0zM358.6 278.6l-112 112c-12.5 12.5-32.75 12.5-45.25 0s-12.5-32.75 0-45.25L290.8 256L201.4 166.6c-12.5-12.5-12.5-32.75 0-45.25s32.75-12.5 45.25 0l112 112C364.9 239.6 368 247.8 368 256S364.9 272.4 358.6 278.6z\"><\/path><\/svg><\/a>\n\t\t\t\t\t\t\t\t\t<\/span>\n\t\t\t\t\t\t\t<\/div>\n\t\t\t<\/div>\n\n\n\n<div class=\"wp-block-uagb-container uagb-block-1dioinxn\">\n<div class=\"wp-block-uagb-info-box uagb-block-7ma5wtl5 uagb-infobox__content-wrap  uagb-infobox-icon-above-title uagb-infobox-image-valign-top\"><div class=\"uagb-ifb-content\"><div class=\"uagb-ifb-title-wrap\"><p class=\"uagb-ifb-title\">La presentaci\u00f3n visual de tus materiales impresos y digitales es crucial para transmitir profesionalismo y atraer la atenci\u00f3n de tu audiencia. Desde <strong>libros<\/strong> y <strong>revistas <\/strong>hasta <strong>folletos <\/strong>y <strong>cat\u00e1logos<\/strong>, ofrezco servicios de maquetaci\u00f3n editorial creativa que realzan tu contenido y lo hacen destacar. <br><br>Utilizo un enfoque meticuloso en el dise\u00f1o y la tipograf\u00eda para garantizar que tus publicaciones sean atractivas y efectivas, ayud\u00e1ndote a destacar en un mercado saturado y a comunicar tu mensaje de manera clara y convincente.<\/p><\/div><\/div><\/div>\n<\/div>\n<\/div>\n<\/div><\/div>","protected":false},"excerpt":{"rendered":"","protected":false},"author":1,"featured_media":0,"parent":0,"menu_order":0,"comment_status":"closed","ping_status":"closed","template":"","meta":{"_uag_custom_page_level_css":"","site-sidebar-layout":"default","site-content-layout":"","ast-site-content-layout":"default","site-content-style":"default","site-sidebar-style":"default","ast-global-header-display":"","ast-banner-title-visibility":"","ast-main-header-display":"","ast-hfb-above-header-display":"","ast-hfb-below-header-display":"","ast-hfb-mobile-header-display":"","site-post-title":"","ast-breadcrumbs-content":"","ast-featured-img":"","footer-sml-layout":"","theme-transparent-header-meta":"","adv-header-id-meta":"","stick-header-meta":"","header-above-stick-meta":"","header-main-stick-meta":"","header-below-stick-meta":"","astra-migrate-meta-layouts":"set","ast-page-background-enabled":"default","ast-page-background-meta":{"desktop":{"background-color":"","background-image":"","background-repeat":"repeat","background-position":"center center","background-size":"auto","background-attachment":"scroll","background-type":"","background-media":"","overlay-type":"","overlay-color":"","overlay-opacity":"","overlay-gradient":""},"tablet":{"background-color":"","background-image":"","background-repeat":"repeat","background-position":"center center","background-size":"auto","background-attachment":"scroll","background-type":"","background-media":"","overlay-type":"","overlay-color":"","overlay-opacity":"","overlay-gradient":""},"mobile":{"background-color":"","background-image":"","background-repeat":"repeat","background-position":"center center","background-size":"auto","background-attachment":"scroll","background-type":"","background-media":"","overlay-type":"","overlay-color":"","overlay-opacity":"","overlay-gradient":""}},"ast-content-background-meta":{"desktop":{"background-color":"var(--ast-global-color-5)","background-image":"","background-repeat":"repeat","background-position":"center center","background-size":"auto","background-attachment":"scroll","background-type":"","background-media":"","overlay-type":"","overlay-color":"","overlay-opacity":"","overlay-gradient":""},"tablet":{"background-color":"var(--ast-global-color-5)","background-image":"","background-repeat":"repeat","background-position":"center center","background-size":"auto","background-attachment":"scroll","background-type":"","background-media":"","overlay-type":"","overlay-color":"","overlay-opacity":"","overlay-gradient":""},"mobile":{"background-color":"var(--ast-global-color-5)","background-image":"","background-repeat":"repeat","background-position":"center center","background-size":"auto","background-attachment":"scroll","background-type":"","background-media":"","overlay-type":"","overlay-color":"","overlay-opacity":"","overlay-gradient":""}},"_vp_format_video_url":"","_vp_image_focal_point":[],"footnotes":""},"class_list":["post-1601","page","type-page","status-publish","hentry"],"uagb_featured_image_src":{"full":false,"thumbnail":false,"medium":false,"medium_large":false,"large":false,"1536x1536":false,"2048x2048":false,"trp-custom-language-flag":false,"vp_sm":false,"vp_md":false,"vp_lg":false,"vp_xl":false,"vp_sm_popup":false,"vp_md_popup":false,"vp_xl_popup":false},"uagb_author_info":{"display_name":"mireiaroldangarcia","author_link":"https:\/\/mireiaroldangarcia.es\/cat\/author\/mireiaroldangarcia\/"},"uagb_comment_info":0,"uagb_excerpt":null,"_links":{"self":[{"href":"https:\/\/mireiaroldangarcia.es\/cat\/wp-json\/wp\/v2\/pages\/1601","targetHints":{"allow":["GET"]}}],"collection":[{"href":"https:\/\/mireiaroldangarcia.es\/cat\/wp-json\/wp\/v2\/pages"}],"about":[{"href":"https:\/\/mireiaroldangarcia.es\/cat\/wp-json\/wp\/v2\/types\/page"}],"author":[{"embeddable":true,"href":"https:\/\/mireiaroldangarcia.es\/cat\/wp-json\/wp\/v2\/users\/1"}],"replies":[{"embeddable":true,"href":"https:\/\/mireiaroldangarcia.es\/cat\/wp-json\/wp\/v2\/comments?post=1601"}],"version-history":[{"count":30,"href":"https:\/\/mireiaroldangarcia.es\/cat\/wp-json\/wp\/v2\/pages\/1601\/revisions"}],"predecessor-version":[{"id":1904,"href":"https:\/\/mireiaroldangarcia.es\/cat\/wp-json\/wp\/v2\/pages\/1601\/revisions\/1904"}],"wp:attachment":[{"href":"https:\/\/mireiaroldangarcia.es\/cat\/wp-json\/wp\/v2\/media?parent=1601"}],"curies":[{"name":"wp","href":"https:\/\/api.w.org\/{rel}","templated":true}]}}