{"id":1690,"date":"2024-03-02T13:45:13","date_gmt":"2024-03-02T13:45:13","guid":{"rendered":"https:\/\/mireiaroldangarcia.es\/?page_id=1690"},"modified":"2025-02-15T18:28:24","modified_gmt":"2025-02-15T18:28:24","slug":"gestion-redes-sociales","status":"publish","type":"page","link":"https:\/\/mireiaroldangarcia.es\/cat\/servicios\/gestion-redes-sociales\/","title":{"rendered":"Gesti\u00f3n de Redes Sociales"},"content":{"rendered":"<div class=\"wp-block-uagb-container uagb-block-qjqmkj32 alignwide uagb-is-root-container\">\n<div class=\"wp-block-uagb-info-box uagb-block-g0j1x7m3 uagb-infobox__content-wrap  uagb-infobox-icon-above-title uagb-infobox-image-valign-top\"><div class=\"uagb-ifb-content\"><div class=\"uagb-ifb-title-wrap\"><h1 class=\"uagb-ifb-title-prefix\">GESTI\u00d3N DE REDES SOCIALES<\/h1><h1 class=\"uagb-ifb-title\">Gesti\u00f3n de redes sociales.<br>Impulsa tu presencia online.<\/h1><\/div><p class=\"uagb-ifb-desc\">Convierte tu presencia en redes sociales en una poderosa herramienta de marketing con nuestros servicios de gesti\u00f3n de redes sociales. Desde la creaci\u00f3n de contenido atractivo hasta la interacci\u00f3n con la audiencia, estamos aqu\u00ed para hacer brillar tu marca en el mundo digital.<\/p><\/div><\/div>\n\n\n      \n\t\t\t<div data-aos= \"fade\" data-aos-duration=\"400\" data-aos-delay=\"0\" data-aos-easing=\"ease\" data-aos-once=\"true\" class=\"uagb-icon-wrapper uagb-block-45992ddc\"\n\t\t\tstyle=\"\" >\n\t\t\t\t\t\t\t\t\t<span class=\"uagb-svg-wrapper\" \n\t\t\t\t\t aria-label=\"circle-chevron-down\"\t\t\t\t\ttabindex=\"0\">\t\t\n\t\t\t\t\t\t\t\t\t\t<a rel=\"noopener noreferrer\" href=\"https:\/\/mireiaroldangarcia.es\/cat\/servicios\/gestion-redes-sociales\/#mireiarg\" target=\"_self\"><svg xmlns=\"https:\/\/www.w3.org\/2000\/svg\" viewbox= \"0 0 512 512\" role=\"graphics-symbol\" aria-hidden=\"false\" aria-label=\"\"><path d=\"M256 0C114.6 0 0 114.6 0 256c0 141.4 114.6 256 256 256s256-114.6 256-256C512 114.6 397.4 0 256 0zM390.6 246.6l-112 112C272.4 364.9 264.2 368 256 368s-16.38-3.125-22.62-9.375l-112-112c-12.5-12.5-12.5-32.75 0-45.25s32.75-12.5 45.25 0L256 290.8l89.38-89.38c12.5-12.5 32.75-12.5 45.25 0S403.1 234.1 390.6 246.6z\"><\/path><\/svg><\/a>\n\t\t\t\t\t\t\t\t\t<\/span>\n\t\t\t\t\t\t\t<\/div>\n\t\t\t<\/div>\n\n\n\n<div id=\"mireiarg\" class=\"wp-block-uagb-container uagb-block-g7ea9doa alignfull uagb-is-root-container\"><\/div>\n\n\n\n<div id=\"rrss\" class=\"wp-block-uagb-container uagb-block-8fznlt7z alignfull uagb-is-root-container\"><div class=\"uagb-container-inner-blocks-wrap\">\n<div class=\"wp-block-uagb-info-box uagb-block-obrtacn6 uagb-infobox__content-wrap  uagb-infobox-icon-above-title uagb-infobox-image-valign-top\"><div class=\"uagb-ifb-content\"><div class=\"uagb-ifb-title-wrap\"><h2 class=\"uagb-ifb-title\">Redes sociales<\/h2><\/div><p class=\"uagb-ifb-desc\">Ofrezco una amplia gama de servicios especializados para ayudar a tu negocio a destacar en el mundo digital. Desde el dise\u00f1o y desarrollo web personalizado hasta la optimizaci\u00f3n para motores de b\u00fasqueda y la integraci\u00f3n de funciones espec\u00edficas, cada servicio est\u00e1 dise\u00f1ado para brindar soluciones efectivas y a medida que reflejen la esencia de tu marca y atraigan a tu audiencia objetiva.<\/p><\/div><\/div>\n\n\n\n<div class=\"wp-block-uagb-container uagb-block-fcbxopzs\">\n<div class=\"wp-block-uagb-container uagb-block-rw2o5c9k\">\n<div class=\"wp-block-uagb-info-box uagb-block-7cdiw7ow uagb-infobox__content-wrap  uagb-infobox-icon-above-title uagb-infobox-image-valign-top\"><div class=\"uagb-ifb-content\"><div class=\"uagb-ifb-title-wrap\"><p class=\"uagb-ifb-title-prefix\">01<\/p><h5 class=\"uagb-ifb-title\">Creaci\u00f3n de contenido<\/h5><\/div><p class=\"uagb-ifb-desc\">Desarrollamos contenido relevante y atractivo para tus redes sociales, incluyendo publicaciones, im\u00e1genes, videos y m\u00e1s.<\/p><\/div><\/div>\n<\/div>\n\n\n\n<div class=\"wp-block-uagb-container uagb-block-341d22f4\">\n<div class=\"wp-block-uagb-info-box uagb-block-da7a2b64 uagb-infobox__content-wrap  uagb-infobox-icon-above-title uagb-infobox-image-valign-top\"><div class=\"uagb-ifb-content\"><div class=\"uagb-ifb-title-wrap\"><p class=\"uagb-ifb-title-prefix\">02<\/p><h5 class=\"uagb-ifb-title\">Gesti\u00f3n de comunidades<\/h5><\/div><p class=\"uagb-ifb-desc\">Interactuamos con tu audiencia, respondemos preguntas, gestionamos comentarios y fomentamos la participaci\u00f3n para construir relaciones s\u00f3lidas con tus seguidores.<\/p><\/div><\/div>\n<\/div>\n\n\n\n<div class=\"wp-block-uagb-container uagb-block-b24701e7\">\n<div class=\"wp-block-uagb-info-box uagb-block-c1a4c42b uagb-infobox__content-wrap  uagb-infobox-icon-above-title uagb-infobox-image-valign-top\"><div class=\"uagb-ifb-content\"><div class=\"uagb-ifb-title-wrap\"><p class=\"uagb-ifb-title-prefix\">03<\/p><h5 class=\"uagb-ifb-title\">Planificaci\u00f3n estrat\u00e9gica<\/h5><\/div><p class=\"uagb-ifb-desc\">Desarrollamos una estrategia de redes sociales personalizada para alcanzar tus objetivos comerciales, incluyendo la frecuencia de publicaciones, la selecci\u00f3n de plataformas y la segmentaci\u00f3n de audiencia.<\/p><\/div><\/div>\n<\/div>\n<\/div>\n\n\n\n<div class=\"wp-block-uagb-container uagb-block-2c147b85\">\n<div class=\"wp-block-uagb-container uagb-block-ad4fb581\">\n<div class=\"wp-block-uagb-info-box uagb-block-c7297a6c uagb-infobox__content-wrap  uagb-infobox-icon-above-title uagb-infobox-image-valign-top\"><div class=\"uagb-ifb-content\"><div class=\"uagb-ifb-title-wrap\"><p class=\"uagb-ifb-title-prefix\">04<\/p><h5 class=\"uagb-ifb-title\">An\u00e1lisis y optimizaci\u00f3n<\/h5><\/div><p class=\"uagb-ifb-desc\">Monitorizamos el rendimiento de tus redes sociales, analizamos datos y ajustamos la estrategia seg\u00fan sea necesario para garantizar resultados \u00f3ptimos.<\/p><\/div><\/div>\n<\/div>\n\n\n\n<div class=\"wp-block-uagb-container uagb-block-8ab1b4a8\">\n<div class=\"wp-block-uagb-info-box uagb-block-a9d08d8e uagb-infobox__content-wrap  uagb-infobox-icon-above-title uagb-infobox-image-valign-top\"><div class=\"uagb-ifb-content\"><div class=\"uagb-ifb-title-wrap\"><p class=\"uagb-ifb-title-prefix\">05<\/p><h5 class=\"uagb-ifb-title\">Informes y an\u00e1lisis<\/h5><\/div><p class=\"uagb-ifb-desc\">Proporcionamos informes detallados sobre el rendimiento de tus redes sociales, incluyendo m\u00e9tricas clave como el alcance, la participaci\u00f3n y el crecimiento de seguidores.<\/p><\/div><\/div>\n<\/div>\n\n\n\n<div class=\"wp-block-uagb-container uagb-block-0bb74594\">\n<div class=\"wp-block-uagb-info-box uagb-block-e2526333 uagb-infobox__content-wrap  uagb-infobox-icon-above-title uagb-infobox-image-valign-top\"><div class=\"uagb-ifb-content\"><div class=\"uagb-ifb-title-wrap\"><p class=\"uagb-ifb-title-prefix\">06<\/p><h5 class=\"uagb-ifb-title\">Publicidad en Redes Sociales<\/h5><\/div><p class=\"uagb-ifb-desc\">Desarrollamos y gestionamos campa\u00f1as de publicidad en redes sociales para llegar a audiencias espec\u00edficas y maximizar el retorno de la inversi\u00f3n.<\/p><\/div><\/div>\n<\/div>\n<\/div>\n\n\n\n<div data-aos= \"slide-left\" data-aos-duration=\"400\" data-aos-delay=\"0\" data-aos-easing=\"ease\" data-aos-once=\"true\" class=\"wp-block-uagb-buttons uagb-buttons__outer-wrap uagb-btn__default-btn uagb-btn-tablet__default-btn uagb-btn-mobile__default-btn uagb-block-0d8fe288\"><div class=\"uagb-buttons__wrap uagb-buttons-layout-wrap\">\n<div data-aos= \"fade-right\" data-aos-duration=\"400\" data-aos-delay=\"0\" data-aos-easing=\"ease\" data-aos-once=\"true\" class=\"wp-block-uagb-buttons-child uagb-buttons__outer-wrap uagb-block-bd83d1f9 wp-block-button\"><div class=\"uagb-button__wrapper\"><a class=\"uagb-buttons-repeater wp-block-button__link\" aria-label=\"\" href=\"https:\/\/mireiaroldangarcia.es\/cat\/contacta\/\" rel=\"follow noopener\" target=\"_self\" role=\"button\"><div class=\"uagb-button__link\">sol\u00b7licitar pressupost<\/div><\/a><\/div><\/div>\n<\/div><\/div>\n<\/div><\/div>","protected":false},"excerpt":{"rendered":"","protected":false},"author":1,"featured_media":0,"parent":1601,"menu_order":0,"comment_status":"closed","ping_status":"closed","template":"","meta":{"_uag_custom_page_level_css":"","site-sidebar-layout":"default","site-content-layout":"","ast-site-content-layout":"default","site-content-style":"default","site-sidebar-style":"default","ast-global-header-display":"","ast-banner-title-visibility":"","ast-main-header-display":"","ast-hfb-above-header-display":"","ast-hfb-below-header-display":"","ast-hfb-mobile-header-display":"","site-post-title":"disabled","ast-breadcrumbs-content":"","ast-featured-img":"","footer-sml-layout":"","theme-transparent-header-meta":"","adv-header-id-meta":"","stick-header-meta":"","header-above-stick-meta":"","header-main-stick-meta":"","header-below-stick-meta":"","astra-migrate-meta-layouts":"set","ast-page-background-enabled":"default","ast-page-background-meta":{"desktop":{"background-color":"","background-image":"","background-repeat":"repeat","background-position":"center center","background-size":"auto","background-attachment":"scroll","background-type":"","background-media":"","overlay-type":"","overlay-color":"","overlay-opacity":"","overlay-gradient":""},"tablet":{"background-color":"","background-image":"","background-repeat":"repeat","background-position":"center center","background-size":"auto","background-attachment":"scroll","background-type":"","background-media":"","overlay-type":"","overlay-color":"","overlay-opacity":"","overlay-gradient":""},"mobile":{"background-color":"","background-image":"","background-repeat":"repeat","background-position":"center center","background-size":"auto","background-attachment":"scroll","background-type":"","background-media":"","overlay-type":"","overlay-color":"","overlay-opacity":"","overlay-gradient":""}},"ast-content-background-meta":{"desktop":{"background-color":"var(--ast-global-color-5)","background-image":"","background-repeat":"repeat","background-position":"center center","background-size":"auto","background-attachment":"scroll","background-type":"","background-media":"","overlay-type":"","overlay-color":"","overlay-opacity":"","overlay-gradient":""},"tablet":{"background-color":"var(--ast-global-color-5)","background-image":"","background-repeat":"repeat","background-position":"center center","background-size":"auto","background-attachment":"scroll","background-type":"","background-media":"","overlay-type":"","overlay-color":"","overlay-opacity":"","overlay-gradient":""},"mobile":{"background-color":"var(--ast-global-color-5)","background-image":"","background-repeat":"repeat","background-position":"center center","background-size":"auto","background-attachment":"scroll","background-type":"","background-media":"","overlay-type":"","overlay-color":"","overlay-opacity":"","overlay-gradient":""}},"_vp_format_video_url":"","_vp_image_focal_point":[],"footnotes":""},"class_list":["post-1690","page","type-page","status-publish","hentry"],"uagb_featured_image_src":{"full":false,"thumbnail":false,"medium":false,"medium_large":false,"large":false,"1536x1536":false,"2048x2048":false,"trp-custom-language-flag":false,"vp_sm":false,"vp_md":false,"vp_lg":false,"vp_xl":false,"vp_sm_popup":false,"vp_md_popup":false,"vp_xl_popup":false},"uagb_author_info":{"display_name":"mireiaroldangarcia","author_link":"https:\/\/mireiaroldangarcia.es\/cat\/author\/mireiaroldangarcia\/"},"uagb_comment_info":0,"uagb_excerpt":null,"_links":{"self":[{"href":"https:\/\/mireiaroldangarcia.es\/cat\/wp-json\/wp\/v2\/pages\/1690","targetHints":{"allow":["GET"]}}],"collection":[{"href":"https:\/\/mireiaroldangarcia.es\/cat\/wp-json\/wp\/v2\/pages"}],"about":[{"href":"https:\/\/mireiaroldangarcia.es\/cat\/wp-json\/wp\/v2\/types\/page"}],"author":[{"embeddable":true,"href":"https:\/\/mireiaroldangarcia.es\/cat\/wp-json\/wp\/v2\/users\/1"}],"replies":[{"embeddable":true,"href":"https:\/\/mireiaroldangarcia.es\/cat\/wp-json\/wp\/v2\/comments?post=1690"}],"version-history":[{"count":11,"href":"https:\/\/mireiaroldangarcia.es\/cat\/wp-json\/wp\/v2\/pages\/1690\/revisions"}],"predecessor-version":[{"id":1920,"href":"https:\/\/mireiaroldangarcia.es\/cat\/wp-json\/wp\/v2\/pages\/1690\/revisions\/1920"}],"up":[{"embeddable":true,"href":"https:\/\/mireiaroldangarcia.es\/cat\/wp-json\/wp\/v2\/pages\/1601"}],"wp:attachment":[{"href":"https:\/\/mireiaroldangarcia.es\/cat\/wp-json\/wp\/v2\/media?parent=1690"}],"curies":[{"name":"wp","href":"https:\/\/api.w.org\/{rel}","templated":true}]}}