{"id":1592,"date":"2024-02-28T20:26:45","date_gmt":"2024-02-28T20:26:45","guid":{"rendered":"https:\/\/mireiaroldangarcia.es\/?page_id=1592"},"modified":"2025-02-15T18:03:18","modified_gmt":"2025-02-15T18:03:18","slug":"sobre-mi","status":"publish","type":"page","link":"https:\/\/mireiaroldangarcia.es\/esp\/sobre-mi\/","title":{"rendered":"SOBRE M\u00cd &#8211; Mireia Rold\u00e1n"},"content":{"rendered":"\n<div class=\"wp-block-uagb-container uagb-block-mffzc6jj alignfull uagb-is-root-container\"><div class=\"uagb-container-inner-blocks-wrap\">\n<div class=\"wp-block-uagb-container uagb-block-aoplh7y2\">\n<div class=\"wp-block-uagb-image alignleft uagb-block-1mvstgki wp-block-uagb-image--layout-default wp-block-uagb-image--effect-static wp-block-uagb-image--align-left\"><figure class=\"wp-block-uagb-image__figure\"><img decoding=\"async\" srcset=\"https:\/\/mireiaroldangarcia.es\/wp-content\/uploads\/2024\/02\/woman-working-computer-cafe-1024x1024.jpg ,https:\/\/mireiaroldangarcia.es\/wp-content\/uploads\/2024\/02\/woman-working-computer-cafe-scaled.jpg 780w, https:\/\/mireiaroldangarcia.es\/wp-content\/uploads\/2024\/02\/woman-working-computer-cafe-scaled.jpg 360w\" sizes=\"auto, (max-width: 480px) 150px\" src=\"https:\/\/mireiaroldangarcia.es\/wp-content\/uploads\/2024\/02\/woman-working-computer-cafe-1024x1024.jpg\" alt=\"\" class=\"uag-image-1593\" width=\"600\" height=\"500\" title=\"Woman working on a computer in a cafe\" loading=\"lazy\" role=\"img\"\/><\/figure><\/div>\n<\/div>\n\n\n\n<div class=\"wp-block-uagb-container uagb-block-dvmzg7ag\">\n<div class=\"wp-block-uagb-info-box uagb-block-nhxzl26w uagb-infobox__content-wrap  uagb-infobox-icon-above-title uagb-infobox-image-valign-top\"><div class=\"uagb-ifb-content\"><div class=\"uagb-ifb-title-wrap\"><h6 class=\"uagb-ifb-title-prefix\">Sobre m\u00ed<\/h6><h2 class=\"uagb-ifb-title\">Emprendedora, profesional y creativa.<\/h2><\/div><p class=\"uagb-ifb-desc\">\u00a1Hola! Soy Mireia , una apasionada del mundo digital y experta en marketing. Desde 2018, he estado cultivando mi vocaci\u00f3n con profesionalismo y responsabilidad. Actualmente, me encuentro inmersa en mis estudios de Marketing e Investigaci\u00f3n de Mercados en Barcelona, complementando as\u00ed mi experiencia pr\u00e1ctica con un enfoque acad\u00e9mico s\u00f3lido.<\/p><\/div><\/div>\n\n\n\n<div class=\"wp-block-uagb-container uagb-block-dz7nwvn3\">\n<div class=\"wp-block-uagb-container uagb-block-qoq6hde4\">\n<div class=\"wp-block-uagb-container uagb-block-z4yag8my\">\n<div class=\"wp-block-uagb-info-box uagb-block-3wtjgpcx uagb-infobox__content-wrap  uagb-infobox-icon-above-title uagb-infobox-image-valign-top\"><div class=\"uagb-ifb-content\"><div class=\"uagb-ifb-title-wrap\"><h4 class=\"uagb-ifb-title\">42<\/h4><\/div><\/div><\/div>\n<\/div>\n\n\n\n<div class=\"wp-block-uagb-container uagb-block-lnqxfyjo\">\n<div class=\"wp-block-uagb-info-box uagb-block-t5cc3igy uagb-infobox__content-wrap  uagb-infobox-icon-above-title uagb-infobox-image-valign-top\"><div class=\"uagb-ifb-content\"><div class=\"uagb-ifb-title-wrap\"><\/div><p class=\"uagb-ifb-desc\">Clientes satisfechos<\/p><\/div><\/div>\n<\/div>\n<\/div>\n\n\n\n<div class=\"wp-block-uagb-container uagb-block-qbqluhrl\">\n<div class=\"wp-block-uagb-container uagb-block-z4loawrq\">\n<div class=\"wp-block-uagb-info-box uagb-block-bjrifuc0 uagb-infobox__content-wrap  uagb-infobox-icon-above-title uagb-infobox-image-valign-top\"><div class=\"uagb-ifb-content\"><div class=\"uagb-ifb-title-wrap\"><h4 class=\"uagb-ifb-title\">65<\/h4><\/div><\/div><\/div>\n<\/div>\n\n\n\n<div class=\"wp-block-uagb-container uagb-block-shn3wc0h\">\n<div class=\"wp-block-uagb-info-box uagb-block-cts25be1 uagb-infobox__content-wrap  uagb-infobox-icon-above-title uagb-infobox-image-valign-top\"><div class=\"uagb-ifb-content\"><div class=\"uagb-ifb-title-wrap\"><\/div><p class=\"uagb-ifb-desc\">Proyectos realizados<\/p><\/div><\/div>\n<\/div>\n<\/div>\n<\/div>\n<\/div>\n<\/div><\/div>\n\n\n\n<div class=\"wp-block-uagb-container uagb-block-bb836d44 alignfull uagb-is-root-container\"><div class=\"uagb-container-inner-blocks-wrap\"><\/div><\/div>\n","protected":false},"excerpt":{"rendered":"","protected":false},"author":1,"featured_media":0,"parent":0,"menu_order":0,"comment_status":"closed","ping_status":"closed","template":"","meta":{"_uag_custom_page_level_css":"","site-sidebar-layout":"default","site-content-layout":"","ast-site-content-layout":"default","site-content-style":"default","site-sidebar-style":"default","ast-global-header-display":"","ast-banner-title-visibility":"","ast-main-header-display":"","ast-hfb-above-header-display":"","ast-hfb-below-header-display":"","ast-hfb-mobile-header-display":"","site-post-title":"disabled","ast-breadcrumbs-content":"","ast-featured-img":"","footer-sml-layout":"","theme-transparent-header-meta":"","adv-header-id-meta":"","stick-header-meta":"","header-above-stick-meta":"","header-main-stick-meta":"","header-below-stick-meta":"","astra-migrate-meta-layouts":"set","ast-page-background-enabled":"default","ast-page-background-meta":{"desktop":{"background-color":"","background-image":"","background-repeat":"repeat","background-position":"center center","background-size":"auto","background-attachment":"scroll","background-type":"","background-media":"","overlay-type":"","overlay-color":"","overlay-opacity":"","overlay-gradient":""},"tablet":{"background-color":"","background-image":"","background-repeat":"repeat","background-position":"center center","background-size":"auto","background-attachment":"scroll","background-type":"","background-media":"","overlay-type":"","overlay-color":"","overlay-opacity":"","overlay-gradient":""},"mobile":{"background-color":"","background-image":"","background-repeat":"repeat","background-position":"center center","background-size":"auto","background-attachment":"scroll","background-type":"","background-media":"","overlay-type":"","overlay-color":"","overlay-opacity":"","overlay-gradient":""}},"ast-content-background-meta":{"desktop":{"background-color":"var(--ast-global-color-5)","background-image":"","background-repeat":"repeat","background-position":"center center","background-size":"auto","background-attachment":"scroll","background-type":"","background-media":"","overlay-type":"","overlay-color":"","overlay-opacity":"","overlay-gradient":""},"tablet":{"background-color":"var(--ast-global-color-5)","background-image":"","background-repeat":"repeat","background-position":"center center","background-size":"auto","background-attachment":"scroll","background-type":"","background-media":"","overlay-type":"","overlay-color":"","overlay-opacity":"","overlay-gradient":""},"mobile":{"background-color":"var(--ast-global-color-5)","background-image":"","background-repeat":"repeat","background-position":"center center","background-size":"auto","background-attachment":"scroll","background-type":"","background-media":"","overlay-type":"","overlay-color":"","overlay-opacity":"","overlay-gradient":""}},"_vp_format_video_url":"","_vp_image_focal_point":[],"footnotes":""},"class_list":["post-1592","page","type-page","status-publish","hentry"],"uagb_featured_image_src":{"full":false,"thumbnail":false,"medium":false,"medium_large":false,"large":false,"1536x1536":false,"2048x2048":false,"trp-custom-language-flag":false,"vp_sm":false,"vp_md":false,"vp_lg":false,"vp_xl":false,"vp_sm_popup":false,"vp_md_popup":false,"vp_xl_popup":false},"uagb_author_info":{"display_name":"mireiaroldangarcia","author_link":"https:\/\/mireiaroldangarcia.es\/esp\/author\/mireiaroldangarcia\/"},"uagb_comment_info":0,"uagb_excerpt":null,"_links":{"self":[{"href":"https:\/\/mireiaroldangarcia.es\/esp\/wp-json\/wp\/v2\/pages\/1592","targetHints":{"allow":["GET"]}}],"collection":[{"href":"https:\/\/mireiaroldangarcia.es\/esp\/wp-json\/wp\/v2\/pages"}],"about":[{"href":"https:\/\/mireiaroldangarcia.es\/esp\/wp-json\/wp\/v2\/types\/page"}],"author":[{"embeddable":true,"href":"https:\/\/mireiaroldangarcia.es\/esp\/wp-json\/wp\/v2\/users\/1"}],"replies":[{"embeddable":true,"href":"https:\/\/mireiaroldangarcia.es\/esp\/wp-json\/wp\/v2\/comments?post=1592"}],"version-history":[{"count":6,"href":"https:\/\/mireiaroldangarcia.es\/esp\/wp-json\/wp\/v2\/pages\/1592\/revisions"}],"predecessor-version":[{"id":1856,"href":"https:\/\/mireiaroldangarcia.es\/esp\/wp-json\/wp\/v2\/pages\/1592\/revisions\/1856"}],"wp:attachment":[{"href":"https:\/\/mireiaroldangarcia.es\/esp\/wp-json\/wp\/v2\/media?parent=1592"}],"curies":[{"name":"wp","href":"https:\/\/api.w.org\/{rel}","templated":true}]}}