{"id":1707,"date":"2024-03-03T10:34:42","date_gmt":"2024-03-03T10:34:42","guid":{"rendered":"https:\/\/mireiaroldangarcia.es\/?page_id=1707"},"modified":"2025-02-15T18:29:26","modified_gmt":"2025-02-15T18:29:26","slug":"maquetacion-editorial","status":"publish","type":"page","link":"https:\/\/mireiaroldangarcia.es\/esp\/servicios\/maquetacion-editorial\/","title":{"rendered":"Maquetaci\u00f3n Editorial"},"content":{"rendered":"\n<div class=\"wp-block-uagb-container uagb-block-qjqmkj32 alignwide uagb-is-root-container\">\n<div class=\"wp-block-uagb-info-box uagb-block-g0j1x7m3 uagb-infobox__content-wrap  uagb-infobox-icon-above-title uagb-infobox-image-valign-top\"><div class=\"uagb-ifb-content\"><div class=\"uagb-ifb-title-wrap\"><h1 class=\"uagb-ifb-title-prefix\">MAQUETACI\u00d3N EDITORIAL<\/h1><h1 class=\"uagb-ifb-title\">Dise\u00f1o editorial distintivo: <br>Marcando la diferencia en cada p\u00e1gina.<\/h1><\/div><p class=\"uagb-ifb-desc\">Sum\u00e9rgete en el mundo del dise\u00f1o editorial creativo, donde cada p\u00e1gina cuenta una historia \u00fanica. <br>Desde libros y revistas hasta folletos y cat\u00e1logos, mi enfoque meticuloso en el dise\u00f1o y la maquetaci\u00f3n garantiza que tu contenido brille con estilo y profesionalismo.<\/p><\/div><\/div>\n\n\n      \n\t\t\t<div data-aos= \"fade\" data-aos-duration=\"400\" data-aos-delay=\"0\" data-aos-easing=\"ease\" data-aos-once=\"true\" class=\"uagb-icon-wrapper uagb-block-45992ddc      \"\n\t\t\tstyle=\"\" >\n\t\t\t\t\t\t\t\t\t<span class=\"uagb-svg-wrapper\" \n\t\t\t\t\t aria-label=\"circle-chevron-down\"\t\t\t\t\ttabindex=\"0\">\t\t\n\t\t\t\t\t\t\t\t\t\t<a rel=\"noopener noreferrer\" href=\"https:\/\/mireiaroldangarcia.es\/esp\/servicios\/maquetacion-editorial\/#mireiarg\" target=\"_self\"><svg xmlns=\"https:\/\/www.w3.org\/2000\/svg\" viewBox= \"0 0 512 512\" role=\"graphics-symbol\" aria-hidden=\"false\" aria-label=\"\"><path d=\"M256 0C114.6 0 0 114.6 0 256c0 141.4 114.6 256 256 256s256-114.6 256-256C512 114.6 397.4 0 256 0zM390.6 246.6l-112 112C272.4 364.9 264.2 368 256 368s-16.38-3.125-22.62-9.375l-112-112c-12.5-12.5-12.5-32.75 0-45.25s32.75-12.5 45.25 0L256 290.8l89.38-89.38c12.5-12.5 32.75-12.5 45.25 0S403.1 234.1 390.6 246.6z\"><\/path><\/svg><\/a>\n\t\t\t\t\t\t\t\t\t<\/span>\n\t\t\t\t\t\t\t<\/div>\n\t\t\t<\/div>\n\n\n\n<div id=\"mireiarg\" class=\"wp-block-uagb-container uagb-block-g7ea9doa alignfull uagb-is-root-container\"><\/div>\n\n\n\n<div class=\"wp-block-uagb-container uagb-block-8fznlt7z alignfull uagb-is-root-container\"><div class=\"uagb-container-inner-blocks-wrap\">\n<div class=\"wp-block-uagb-info-box uagb-block-obrtacn6 uagb-infobox__content-wrap  uagb-infobox-icon-above-title uagb-infobox-image-valign-top\" id=\"maquetacion\"><div class=\"uagb-ifb-content\"><div class=\"uagb-ifb-title-wrap\"><h2 class=\"uagb-ifb-title\">Maquetaci\u00f3n editorial<\/h2><\/div><p class=\"uagb-ifb-desc\">Mi servicio de dise\u00f1o editorial se centra en transformar tu contenido en piezas visuales impactantes que cautivan a tu audiencia y refuerzan tu mensaje. Desde el dise\u00f1o inicial hasta la entrega final, trabajo estrechamente contigo para entender tus necesidades y objetivos, garantizando que cada proyecto cumpla con tus expectativas y supere tus est\u00e1ndares de calidad. <br><br>Con un enfoque en la creatividad, la precisi\u00f3n y la atenci\u00f3n al detalle, estoy comprometido a proporcionarte dise\u00f1os que destaquen y se destaquen en un mercado saturado.<\/p><\/div><\/div>\n\n\n\n<div class=\"wp-block-uagb-container uagb-block-fcbxopzs\">\n<div class=\"wp-block-uagb-container uagb-block-rw2o5c9k\">\n<div class=\"wp-block-uagb-info-box uagb-block-7cdiw7ow uagb-infobox__content-wrap  uagb-infobox-icon-above-title uagb-infobox-image-valign-top\"><div class=\"uagb-ifb-content\"><div class=\"uagb-ifb-title-wrap\"><p class=\"uagb-ifb-title-prefix\">01<\/p><h5 class=\"uagb-ifb-title\">Libros y revistas<\/h5><\/div><p class=\"uagb-ifb-desc\">Creaci\u00f3n de dise\u00f1os atractivos y funcionales para libros y revistas, que realzan tu contenido y cautivan a tu audiencia.<\/p><\/div><\/div>\n<\/div>\n\n\n\n<div class=\"wp-block-uagb-container uagb-block-341d22f4\">\n<div class=\"wp-block-uagb-info-box uagb-block-da7a2b64 uagb-infobox__content-wrap  uagb-infobox-icon-above-title uagb-infobox-image-valign-top\"><div class=\"uagb-ifb-content\"><div class=\"uagb-ifb-title-wrap\"><p class=\"uagb-ifb-title-prefix\">02<\/p><h5 class=\"uagb-ifb-title\">Folletos y cat\u00e1logos<\/h5><\/div><p class=\"uagb-ifb-desc\">Desarrollo de maquetas profesionales para folletos y cat\u00e1logos, optimizando la presentaci\u00f3n de tus productos o servicios.<\/p><\/div><\/div>\n<\/div>\n\n\n\n<div class=\"wp-block-uagb-container uagb-block-b24701e7\">\n<div class=\"wp-block-uagb-info-box uagb-block-c1a4c42b uagb-infobox__content-wrap  uagb-infobox-icon-above-title uagb-infobox-image-valign-top\"><div class=\"uagb-ifb-content\"><div class=\"uagb-ifb-title-wrap\"><p class=\"uagb-ifb-title-prefix\">03<\/p><h5 class=\"uagb-ifb-title\">Publicaciones impresas y digitales<\/h5><\/div><p class=\"uagb-ifb-desc\">Creaci\u00f3n de dise\u00f1os vers\u00e1tiles para publicaciones impresas y digitales, asegurando una experiencia de lectura agradable en cualquier formato.<\/p><\/div><\/div>\n<\/div>\n<\/div>\n\n\n\n<div class=\"wp-block-uagb-container uagb-block-2c147b85\">\n<div class=\"wp-block-uagb-container uagb-block-ad4fb581\">\n<div class=\"wp-block-uagb-info-box uagb-block-c7297a6c uagb-infobox__content-wrap  uagb-infobox-icon-above-title uagb-infobox-image-valign-top\"><div class=\"uagb-ifb-content\"><div class=\"uagb-ifb-title-wrap\"><p class=\"uagb-ifb-title-prefix\">04<\/p><h5 class=\"uagb-ifb-title\">Edici\u00f3n y formato de texto<\/h5><\/div><p class=\"uagb-ifb-desc\">Edici\u00f3n y formato de texto profesional para garantizar la coherencia y la legibilidad en todo tu contenido editorial.<\/p><\/div><\/div>\n<\/div>\n\n\n\n<div class=\"wp-block-uagb-container uagb-block-8ab1b4a8\">\n<div class=\"wp-block-uagb-info-box uagb-block-a9d08d8e uagb-infobox__content-wrap  uagb-infobox-icon-above-title uagb-infobox-image-valign-top\"><div class=\"uagb-ifb-content\"><div class=\"uagb-ifb-title-wrap\"><p class=\"uagb-ifb-title-prefix\">05<\/p><h5 class=\"uagb-ifb-title\">Tipograf\u00edas y elementos gr\u00e1ficos<\/h5><\/div><p class=\"uagb-ifb-desc\">Asesoramiento en la selecci\u00f3n de tipograf\u00edas y elementos gr\u00e1ficos que complementen tu contenido y refuercen tu identidad de marca.<\/p><\/div><\/div>\n<\/div>\n\n\n\n<div class=\"wp-block-uagb-container uagb-block-0bb74594\">\n<div class=\"wp-block-uagb-info-box uagb-block-e2526333 uagb-infobox__content-wrap  uagb-infobox-icon-above-title uagb-infobox-image-valign-top\"><div class=\"uagb-ifb-content\"><div class=\"uagb-ifb-title-wrap\"><p class=\"uagb-ifb-title-prefix\">06<\/p><h5 class=\"uagb-ifb-title\">Control de calidad y revisi\u00f3n<\/h5><\/div><p class=\"uagb-ifb-desc\">Revisi\u00f3n exhaustiva de cada proyecto para garantizar la precisi\u00f3n y la calidad en todos los aspectos del dise\u00f1o editorial.<\/p><\/div><\/div>\n<\/div>\n<\/div>\n\n\n\n<div data-aos= \"slide-left\" data-aos-duration=\"400\" data-aos-delay=\"0\" data-aos-easing=\"ease\" data-aos-once=\"true\" class=\"wp-block-uagb-buttons uagb-buttons__outer-wrap uagb-btn__default-btn uagb-btn-tablet__default-btn uagb-btn-mobile__default-btn uagb-block-0d8fe288\"><div class=\"uagb-buttons__wrap uagb-buttons-layout-wrap \">\n<div data-aos= \"fade-right\" data-aos-duration=\"400\" data-aos-delay=\"0\" data-aos-easing=\"ease\" data-aos-once=\"true\" class=\"wp-block-uagb-buttons-child uagb-buttons__outer-wrap uagb-block-bd83d1f9 wp-block-button\"><div class=\"uagb-button__wrapper\"><a class=\"uagb-buttons-repeater wp-block-button__link\" aria-label=\"\" href=\"https:\/\/mireiaroldangarcia.es\/esp\/contacta\/\" rel=\"follow noopener\" target=\"_self\" role=\"button\"><div class=\"uagb-button__link\">solicitar presupuesto<\/div><\/a><\/div><\/div>\n<\/div><\/div>\n<\/div><\/div>\n","protected":false},"excerpt":{"rendered":"","protected":false},"author":1,"featured_media":0,"parent":1601,"menu_order":0,"comment_status":"closed","ping_status":"closed","template":"","meta":{"_uag_custom_page_level_css":"","site-sidebar-layout":"default","site-content-layout":"","ast-site-content-layout":"default","site-content-style":"default","site-sidebar-style":"default","ast-global-header-display":"","ast-banner-title-visibility":"","ast-main-header-display":"","ast-hfb-above-header-display":"","ast-hfb-below-header-display":"","ast-hfb-mobile-header-display":"","site-post-title":"disabled","ast-breadcrumbs-content":"","ast-featured-img":"","footer-sml-layout":"","theme-transparent-header-meta":"","adv-header-id-meta":"","stick-header-meta":"","header-above-stick-meta":"","header-main-stick-meta":"","header-below-stick-meta":"","astra-migrate-meta-layouts":"set","ast-page-background-enabled":"default","ast-page-background-meta":{"desktop":{"background-color":"","background-image":"","background-repeat":"repeat","background-position":"center center","background-size":"auto","background-attachment":"scroll","background-type":"","background-media":"","overlay-type":"","overlay-color":"","overlay-opacity":"","overlay-gradient":""},"tablet":{"background-color":"","background-image":"","background-repeat":"repeat","background-position":"center center","background-size":"auto","background-attachment":"scroll","background-type":"","background-media":"","overlay-type":"","overlay-color":"","overlay-opacity":"","overlay-gradient":""},"mobile":{"background-color":"","background-image":"","background-repeat":"repeat","background-position":"center center","background-size":"auto","background-attachment":"scroll","background-type":"","background-media":"","overlay-type":"","overlay-color":"","overlay-opacity":"","overlay-gradient":""}},"ast-content-background-meta":{"desktop":{"background-color":"var(--ast-global-color-5)","background-image":"","background-repeat":"repeat","background-position":"center center","background-size":"auto","background-attachment":"scroll","background-type":"","background-media":"","overlay-type":"","overlay-color":"","overlay-opacity":"","overlay-gradient":""},"tablet":{"background-color":"var(--ast-global-color-5)","background-image":"","background-repeat":"repeat","background-position":"center center","background-size":"auto","background-attachment":"scroll","background-type":"","background-media":"","overlay-type":"","overlay-color":"","overlay-opacity":"","overlay-gradient":""},"mobile":{"background-color":"var(--ast-global-color-5)","background-image":"","background-repeat":"repeat","background-position":"center center","background-size":"auto","background-attachment":"scroll","background-type":"","background-media":"","overlay-type":"","overlay-color":"","overlay-opacity":"","overlay-gradient":""}},"_vp_format_video_url":"","_vp_image_focal_point":[],"footnotes":""},"class_list":["post-1707","page","type-page","status-publish","hentry"],"uagb_featured_image_src":{"full":false,"thumbnail":false,"medium":false,"medium_large":false,"large":false,"1536x1536":false,"2048x2048":false,"trp-custom-language-flag":false,"vp_sm":false,"vp_md":false,"vp_lg":false,"vp_xl":false,"vp_sm_popup":false,"vp_md_popup":false,"vp_xl_popup":false},"uagb_author_info":{"display_name":"mireiaroldangarcia","author_link":"https:\/\/mireiaroldangarcia.es\/esp\/author\/mireiaroldangarcia\/"},"uagb_comment_info":0,"uagb_excerpt":null,"_links":{"self":[{"href":"https:\/\/mireiaroldangarcia.es\/esp\/wp-json\/wp\/v2\/pages\/1707","targetHints":{"allow":["GET"]}}],"collection":[{"href":"https:\/\/mireiaroldangarcia.es\/esp\/wp-json\/wp\/v2\/pages"}],"about":[{"href":"https:\/\/mireiaroldangarcia.es\/esp\/wp-json\/wp\/v2\/types\/page"}],"author":[{"embeddable":true,"href":"https:\/\/mireiaroldangarcia.es\/esp\/wp-json\/wp\/v2\/users\/1"}],"replies":[{"embeddable":true,"href":"https:\/\/mireiaroldangarcia.es\/esp\/wp-json\/wp\/v2\/comments?post=1707"}],"version-history":[{"count":9,"href":"https:\/\/mireiaroldangarcia.es\/esp\/wp-json\/wp\/v2\/pages\/1707\/revisions"}],"predecessor-version":[{"id":1922,"href":"https:\/\/mireiaroldangarcia.es\/esp\/wp-json\/wp\/v2\/pages\/1707\/revisions\/1922"}],"up":[{"embeddable":true,"href":"https:\/\/mireiaroldangarcia.es\/esp\/wp-json\/wp\/v2\/pages\/1601"}],"wp:attachment":[{"href":"https:\/\/mireiaroldangarcia.es\/esp\/wp-json\/wp\/v2\/media?parent=1707"}],"curies":[{"name":"wp","href":"https:\/\/api.w.org\/{rel}","templated":true}]}}